{"id":1949,"date":"2026-03-09T07:10:46","date_gmt":"2026-03-09T07:10:46","guid":{"rendered":"https:\/\/miss-sayuri.com\/impressum\/"},"modified":"2026-03-15T18:10:00","modified_gmt":"2026-03-15T18:10:00","slug":"impressum","status":"publish","type":"page","link":"https:\/\/miss-sayuri.com\/en\/impressum\/","title":{"rendered":"Imprint"},"content":{"rendered":"\t\t<div data-elementor-type=\"wp-page\" data-elementor-id=\"1949\" class=\"elementor elementor-1949 elementor-1630\">\n\t\t\t\t<div class=\"elementor-element elementor-element-46892846 e-flex e-con-boxed e-con e-parent\" data-id=\"46892846\" data-element_type=\"container\" data-e-type=\"container\">\n\t\t\t\t\t<div class=\"e-con-inner\">\n\t\t\t\t<div class=\"elementor-element elementor-element-6b1f1581 elementor-widget elementor-widget-text-editor\" data-id=\"6b1f1581\" data-element_type=\"widget\" data-e-type=\"widget\" data-widget_type=\"text-editor.default\">\n\t\t\t\t\t\t\t\t\t<p><strong>Website Owner and Content Liability<\/strong><\/p><p><b>Angaben gem\u00e4\u00df \u00a7 5 TMG:<\/b><\/p><p>Miss Sayuri <br \/>c\/o SecretService<br \/>Esterhazystra\u00dfe 42<br \/>7000 Eisenstadt<br \/>\u00d6sterreich<br \/>Postfachkennwort: DREAMS<\/p><p>Tel: +436604916746<br \/>E-Mail: yourmisssayuri@gmail.com<br \/>Gewerbebeh\u00f6rde: Magistratisches Bezirksamt <br \/>12. Bezirk, Sch\u00f6nbrunner Stra\u00dfe 259, 1120<br \/>Wien <br \/>UID: ATU82902245<\/p><p><b>Disclaimer<\/b><\/p><p><b>1. Limitation of Liability<\/b><br \/>The contents of this website are created with the utmost care. However, the provider does not guarantee the accuracy, completeness, and timeliness of the provided content. The use of the content on the website is at the user\u2019s own risk. Contributions marked with a name reflect the opinion of the respective author and not always the opinion of the provider. The mere use of the provider\u2019s website does not establish a contractual relationship between the user and the provider.<\/p><p><b>2. External Links<\/b><br \/>This website contains links to third-party websites (\u201cexternal links\u201d). These websites are the responsibility of the respective operators. When initially linking the external links, the provider checked the foreign content for any legal violations. At that time, no legal violations were apparent. The provider has no influence on the current and future design and content of the linked pages. The setting of external links does not mean that the provider adopts the content behind the reference or link as its own. Continuous monitoring of external links is not reasonable for the provider without concrete evidence of legal violations. However, if the provider becomes aware of legal violations, such external links will be deleted immediately.<\/p><p><b>3. Copyright and Performance Rights<\/b><br \/>The content published on this website is subject to German copyright and performance rights. Any use not permitted by German copyright and performance rights requires the prior written consent of the provider or the respective rights holder. This applies in particular to reproduction, editing, translation, storage, processing, or reproduction of content in databases or other electronic media and systems. Content and rights of third parties are identified as such. Unauthorized reproduction or distribution of individual content or complete pages is not permitted and is punishable by law. Only the production of copies and downloads for personal, private, and non-commercial use is permitted.<\/p><p>The display of this website in external frames is only permitted with written permission.<\/p>\t\t\t\t\t\t\t\t<\/div>\n\t\t\t\t\t<\/div>\n\t\t\t\t<\/div>\n\t\t<div class=\"elementor-element elementor-element-8a87047 e-flex e-con-boxed e-con e-parent\" data-id=\"8a87047\" data-element_type=\"container\" data-e-type=\"container\">\n\t\t\t\t\t<div class=\"e-con-inner\">\n\t\t\t\t<div class=\"elementor-element elementor-element-e857aad elementor-widget elementor-widget-text-editor\" data-id=\"e857aad\" data-element_type=\"widget\" data-e-type=\"widget\" data-widget_type=\"text-editor.default\">\n\t\t\t\t\t\t\t\t\t<p><b>Jugendschutz:<\/b><\/p>\t\t\t\t\t\t\t\t<\/div>\n\t\t\t\t<div class=\"elementor-element elementor-element-59df7d8 elementor-widget elementor-widget-image\" data-id=\"59df7d8\" data-element_type=\"widget\" data-e-type=\"widget\" data-widget_type=\"image.default\">\n\t\t\t\t\t\t\t\t\t\t\t\t\t\t\t\t<a href=\"https:\/\/domina-werbung.de\/\" target=\"_blank\">\n\t\t\t\t\t\t\t<img fetchpriority=\"high\" decoding=\"async\" width=\"355\" height=\"186\" src=\"https:\/\/miss-sayuri.com\/wp-content\/uploads\/2026\/03\/jugendschutzbeauftragter-miss-sayuri.com_.jpg\" class=\"attachment-full size-full wp-image-1947\" alt=\"jugendschutzbeauftragter\" srcset=\"https:\/\/miss-sayuri.com\/wp-content\/uploads\/2026\/03\/jugendschutzbeauftragter-miss-sayuri.com_.jpg 355w, https:\/\/miss-sayuri.com\/wp-content\/uploads\/2026\/03\/jugendschutzbeauftragter-miss-sayuri.com_-300x157.jpg 300w\" sizes=\"(max-width: 355px) 100vw, 355px\" \/>\t\t\t\t\t\t\t\t<\/a>\n\t\t\t\t\t\t\t\t\t\t\t\t\t\t\t<\/div>\n\t\t\t\t<div class=\"elementor-element elementor-element-4471e09 elementor-widget elementor-widget-image\" data-id=\"4471e09\" data-element_type=\"widget\" data-e-type=\"widget\" data-widget_type=\"image.default\">\n\t\t\t\t\t\t\t\t\t\t\t\t\t\t\t<img decoding=\"async\" width=\"150\" height=\"40\" data-src=\"https:\/\/miss-sayuri.com\/wp-content\/uploads\/2026\/03\/age-xml-icon_18.png\" class=\"attachment-full size-full wp-image-1948 lazyload\" alt=\"\" src=\"data:image\/svg+xml;base64,PHN2ZyB3aWR0aD0iMSIgaGVpZ2h0PSIxIiB4bWxucz0iaHR0cDovL3d3dy53My5vcmcvMjAwMC9zdmciPjwvc3ZnPg==\" style=\"--smush-placeholder-width: 150px; --smush-placeholder-aspect-ratio: 150\/40;\" \/>\t\t\t\t\t\t\t\t\t\t\t\t\t\t\t<\/div>\n\t\t\t\t\t<\/div>\n\t\t\t\t<\/div>\n\t\t\t\t<\/div>\n\t\t","protected":false},"excerpt":{"rendered":"<p class=\"tx-excerpt\">Website Owner and Content Liability Angaben gem\u00e4\u00df \u00a7 5 TMG: Miss Sayuri c\/o SecretServiceEsterhazystra\u00dfe 427000 Eisenstadt\u00d6sterreichPostfachkennwort: DREAMS Tel: +436604916746E-Mail: yourmisssayuri@gmail.comGewerbebeh\u00f6rde: Magistratisches Bezirksamt 12. Bezirk, Sch\u00f6nbrunner Stra\u00dfe 259, 1120Wien UID: ATU82902245 Disclaimer 1. Limitation of LiabilityThe...<\/p>","protected":false},"author":1,"featured_media":0,"parent":0,"menu_order":0,"comment_status":"closed","ping_status":"closed","template":"","meta":{"footnotes":""},"class_list":["post-1949","page","type-page","status-publish","hentry"],"yoast_head":"<!-- This site is optimized with the Yoast SEO plugin v27.2 - https:\/\/yoast.com\/product\/yoast-seo-wordpress\/ -->\n<title>Imprint - Miss Sayuri<\/title>\n<meta name=\"robots\" content=\"index, follow, max-snippet:-1, max-image-preview:large, max-video-preview:-1\" \/>\n<link rel=\"canonical\" href=\"https:\/\/miss-sayuri.com\/en\/impressum\/\" \/>\n<meta property=\"og:locale\" content=\"en_US\" \/>\n<meta property=\"og:type\" content=\"article\" \/>\n<meta property=\"og:title\" content=\"Imprint - Miss Sayuri\" \/>\n<meta property=\"og:description\" content=\"Website Owner and Content Liability Angaben gem\u00e4\u00df \u00a7 5 TMG: Miss Sayuri c\/o SecretServiceEsterhazystra\u00dfe 427000 Eisenstadt\u00d6sterreichPostfachkennwort: DREAMS Tel: +436604916746E-Mail: yourmisssayuri@gmail.comGewerbebeh\u00f6rde: Magistratisches Bezirksamt 12. Bezirk, Sch\u00f6nbrunner Stra\u00dfe 259, 1120Wien UID: ATU82902245 Disclaimer 1. Limitation of LiabilityThe contents of this website are created with the utmost care. However, the provider does not guarantee the accuracy, completeness, and [&hellip;]\" \/>\n<meta property=\"og:url\" content=\"https:\/\/miss-sayuri.com\/en\/impressum\/\" \/>\n<meta property=\"og:site_name\" content=\"Miss Sayuri\" \/>\n<meta property=\"article:modified_time\" content=\"2026-03-15T18:10:00+00:00\" \/>\n<meta property=\"og:image\" content=\"https:\/\/miss-sayuri.com\/wp-content\/uploads\/2026\/03\/jugendschutzbeauftragter-miss-sayuri.com_.jpg\" \/>\n\t<meta property=\"og:image:width\" content=\"355\" \/>\n\t<meta property=\"og:image:height\" content=\"186\" \/>\n\t<meta property=\"og:image:type\" content=\"image\/jpeg\" \/>\n<meta name=\"twitter:card\" content=\"summary_large_image\" \/>\n<meta name=\"twitter:label1\" content=\"Est. reading time\" \/>\n\t<meta name=\"twitter:data1\" content=\"2 minutes\" \/>\n<script type=\"application\/ld+json\" class=\"yoast-schema-graph\">{\"@context\":\"https:\/\/schema.org\",\"@graph\":[{\"@type\":\"WebPage\",\"@id\":\"https:\/\/miss-sayuri.com\/en\/impressum\/\",\"url\":\"https:\/\/miss-sayuri.com\/en\/impressum\/\",\"name\":\"Imprint - Miss Sayuri\",\"isPartOf\":{\"@id\":\"https:\/\/miss-sayuri.com\/en\/#website\"},\"primaryImageOfPage\":{\"@id\":\"https:\/\/miss-sayuri.com\/en\/impressum\/#primaryimage\"},\"image\":{\"@id\":\"https:\/\/miss-sayuri.com\/en\/impressum\/#primaryimage\"},\"thumbnailUrl\":\"https:\/\/miss-sayuri.com\/wp-content\/uploads\/2026\/03\/jugendschutzbeauftragter-miss-sayuri.com_.jpg\",\"datePublished\":\"2026-03-09T07:10:46+00:00\",\"dateModified\":\"2026-03-15T18:10:00+00:00\",\"breadcrumb\":{\"@id\":\"https:\/\/miss-sayuri.com\/en\/impressum\/#breadcrumb\"},\"inLanguage\":\"en-US\",\"potentialAction\":[{\"@type\":\"ReadAction\",\"target\":[\"https:\/\/miss-sayuri.com\/en\/impressum\/\"]}]},{\"@type\":\"ImageObject\",\"inLanguage\":\"en-US\",\"@id\":\"https:\/\/miss-sayuri.com\/en\/impressum\/#primaryimage\",\"url\":\"https:\/\/miss-sayuri.com\/wp-content\/uploads\/2026\/03\/jugendschutzbeauftragter-miss-sayuri.com_.jpg\",\"contentUrl\":\"https:\/\/miss-sayuri.com\/wp-content\/uploads\/2026\/03\/jugendschutzbeauftragter-miss-sayuri.com_.jpg\"},{\"@type\":\"BreadcrumbList\",\"@id\":\"https:\/\/miss-sayuri.com\/en\/impressum\/#breadcrumb\",\"itemListElement\":[{\"@type\":\"ListItem\",\"position\":1,\"name\":\"Start\",\"item\":\"https:\/\/miss-sayuri.com\/en\/\"},{\"@type\":\"ListItem\",\"position\":2,\"name\":\"Imprint\"}]},{\"@type\":\"WebSite\",\"@id\":\"https:\/\/miss-sayuri.com\/en\/#website\",\"url\":\"https:\/\/miss-sayuri.com\/en\/\",\"name\":\"Domina Miss Sayuri\",\"description\":\"Bizarre Dominanz in Wien\",\"publisher\":{\"@id\":\"https:\/\/miss-sayuri.com\/en\/#\/schema\/person\/4a9bfa89dc137e85c6504073added79f\"},\"potentialAction\":[{\"@type\":\"SearchAction\",\"target\":{\"@type\":\"EntryPoint\",\"urlTemplate\":\"https:\/\/miss-sayuri.com\/en\/?s={search_term_string}\"},\"query-input\":{\"@type\":\"PropertyValueSpecification\",\"valueRequired\":true,\"valueName\":\"search_term_string\"}}],\"inLanguage\":\"en-US\"},{\"@type\":[\"Person\",\"Organization\"],\"@id\":\"https:\/\/miss-sayuri.com\/en\/#\/schema\/person\/4a9bfa89dc137e85c6504073added79f\",\"name\":\"admin\",\"image\":{\"@type\":\"ImageObject\",\"inLanguage\":\"en-US\",\"@id\":\"https:\/\/miss-sayuri.com\/wp-content\/uploads\/2026\/03\/miss-sayuri_20260325.jpg\",\"url\":\"https:\/\/miss-sayuri.com\/wp-content\/uploads\/2026\/03\/miss-sayuri_20260325.jpg\",\"contentUrl\":\"https:\/\/miss-sayuri.com\/wp-content\/uploads\/2026\/03\/miss-sayuri_20260325.jpg\",\"width\":1200,\"height\":1529,\"caption\":\"admin\"},\"logo\":{\"@id\":\"https:\/\/miss-sayuri.com\/wp-content\/uploads\/2026\/03\/miss-sayuri_20260325.jpg\"},\"sameAs\":[\"https:\/\/miss-sayuri.com\"]}]}<\/script>\n<!-- \/ Yoast SEO plugin. -->","yoast_head_json":{"title":"Imprint - Miss Sayuri","robots":{"index":"index","follow":"follow","max-snippet":"max-snippet:-1","max-image-preview":"max-image-preview:large","max-video-preview":"max-video-preview:-1"},"canonical":"https:\/\/miss-sayuri.com\/en\/impressum\/","og_locale":"en_US","og_type":"article","og_title":"Imprint - Miss Sayuri","og_description":"Website Owner and Content Liability Angaben gem\u00e4\u00df \u00a7 5 TMG: Miss Sayuri c\/o SecretServiceEsterhazystra\u00dfe 427000 Eisenstadt\u00d6sterreichPostfachkennwort: DREAMS Tel: +436604916746E-Mail: yourmisssayuri@gmail.comGewerbebeh\u00f6rde: Magistratisches Bezirksamt 12. Bezirk, Sch\u00f6nbrunner Stra\u00dfe 259, 1120Wien UID: ATU82902245 Disclaimer 1. Limitation of LiabilityThe contents of this website are created with the utmost care. However, the provider does not guarantee the accuracy, completeness, and [&hellip;]","og_url":"https:\/\/miss-sayuri.com\/en\/impressum\/","og_site_name":"Miss Sayuri","article_modified_time":"2026-03-15T18:10:00+00:00","og_image":[{"width":355,"height":186,"url":"https:\/\/miss-sayuri.com\/wp-content\/uploads\/2026\/03\/jugendschutzbeauftragter-miss-sayuri.com_.jpg","type":"image\/jpeg"}],"twitter_card":"summary_large_image","twitter_misc":{"Est. reading time":"2 minutes"},"schema":{"@context":"https:\/\/schema.org","@graph":[{"@type":"WebPage","@id":"https:\/\/miss-sayuri.com\/en\/impressum\/","url":"https:\/\/miss-sayuri.com\/en\/impressum\/","name":"Imprint - Miss Sayuri","isPartOf":{"@id":"https:\/\/miss-sayuri.com\/en\/#website"},"primaryImageOfPage":{"@id":"https:\/\/miss-sayuri.com\/en\/impressum\/#primaryimage"},"image":{"@id":"https:\/\/miss-sayuri.com\/en\/impressum\/#primaryimage"},"thumbnailUrl":"https:\/\/miss-sayuri.com\/wp-content\/uploads\/2026\/03\/jugendschutzbeauftragter-miss-sayuri.com_.jpg","datePublished":"2026-03-09T07:10:46+00:00","dateModified":"2026-03-15T18:10:00+00:00","breadcrumb":{"@id":"https:\/\/miss-sayuri.com\/en\/impressum\/#breadcrumb"},"inLanguage":"en-US","potentialAction":[{"@type":"ReadAction","target":["https:\/\/miss-sayuri.com\/en\/impressum\/"]}]},{"@type":"ImageObject","inLanguage":"en-US","@id":"https:\/\/miss-sayuri.com\/en\/impressum\/#primaryimage","url":"https:\/\/miss-sayuri.com\/wp-content\/uploads\/2026\/03\/jugendschutzbeauftragter-miss-sayuri.com_.jpg","contentUrl":"https:\/\/miss-sayuri.com\/wp-content\/uploads\/2026\/03\/jugendschutzbeauftragter-miss-sayuri.com_.jpg"},{"@type":"BreadcrumbList","@id":"https:\/\/miss-sayuri.com\/en\/impressum\/#breadcrumb","itemListElement":[{"@type":"ListItem","position":1,"name":"Start","item":"https:\/\/miss-sayuri.com\/en\/"},{"@type":"ListItem","position":2,"name":"Imprint"}]},{"@type":"WebSite","@id":"https:\/\/miss-sayuri.com\/en\/#website","url":"https:\/\/miss-sayuri.com\/en\/","name":"Domina Miss Sayuri","description":"Bizarre Dominanz in Wien","publisher":{"@id":"https:\/\/miss-sayuri.com\/en\/#\/schema\/person\/4a9bfa89dc137e85c6504073added79f"},"potentialAction":[{"@type":"SearchAction","target":{"@type":"EntryPoint","urlTemplate":"https:\/\/miss-sayuri.com\/en\/?s={search_term_string}"},"query-input":{"@type":"PropertyValueSpecification","valueRequired":true,"valueName":"search_term_string"}}],"inLanguage":"en-US"},{"@type":["Person","Organization"],"@id":"https:\/\/miss-sayuri.com\/en\/#\/schema\/person\/4a9bfa89dc137e85c6504073added79f","name":"admin","image":{"@type":"ImageObject","inLanguage":"en-US","@id":"https:\/\/miss-sayuri.com\/wp-content\/uploads\/2026\/03\/miss-sayuri_20260325.jpg","url":"https:\/\/miss-sayuri.com\/wp-content\/uploads\/2026\/03\/miss-sayuri_20260325.jpg","contentUrl":"https:\/\/miss-sayuri.com\/wp-content\/uploads\/2026\/03\/miss-sayuri_20260325.jpg","width":1200,"height":1529,"caption":"admin"},"logo":{"@id":"https:\/\/miss-sayuri.com\/wp-content\/uploads\/2026\/03\/miss-sayuri_20260325.jpg"},"sameAs":["https:\/\/miss-sayuri.com"]}]}},"_links":{"self":[{"href":"https:\/\/miss-sayuri.com\/en\/wp-json\/wp\/v2\/pages\/1949","targetHints":{"allow":["GET"]}}],"collection":[{"href":"https:\/\/miss-sayuri.com\/en\/wp-json\/wp\/v2\/pages"}],"about":[{"href":"https:\/\/miss-sayuri.com\/en\/wp-json\/wp\/v2\/types\/page"}],"author":[{"embeddable":true,"href":"https:\/\/miss-sayuri.com\/en\/wp-json\/wp\/v2\/users\/1"}],"replies":[{"embeddable":true,"href":"https:\/\/miss-sayuri.com\/en\/wp-json\/wp\/v2\/comments?post=1949"}],"version-history":[{"count":10,"href":"https:\/\/miss-sayuri.com\/en\/wp-json\/wp\/v2\/pages\/1949\/revisions"}],"predecessor-version":[{"id":2286,"href":"https:\/\/miss-sayuri.com\/en\/wp-json\/wp\/v2\/pages\/1949\/revisions\/2286"}],"wp:attachment":[{"href":"https:\/\/miss-sayuri.com\/en\/wp-json\/wp\/v2\/media?parent=1949"}],"curies":[{"name":"wp","href":"https:\/\/api.w.org\/{rel}","templated":true}]}}